{"id":101,"date":"2016-02-09T19:53:39","date_gmt":"2016-02-09T18:53:39","guid":{"rendered":"http:\/\/pouce-et-compagnie.fr\/?page_id=101"},"modified":"2016-02-15T19:58:40","modified_gmt":"2016-02-15T18:58:40","slug":"kidsshirt-des-t-shirts-pour-se-deguiser","status":"publish","type":"page","link":"https:\/\/pouce-et-compagnie.fr\/index.php\/collections\/kidsshirt-des-t-shirts-pour-se-deguiser\/","title":{"rendered":"Kidsshirt : des t-shirts pour se d\u00e9guiser"},"content":{"rendered":"<p>Kidsshirt est une soci\u00e9t\u00e9 allemande qui a invent\u00e9 des t-shirts en coton sur lesquels tout est imprim\u00e9 afin de se d\u00e9guiser en un tour de main.<\/p>\n<p>100% coton, de finition irr\u00e9prochable et lavables des dizaines de fois, les t-shirts sont vraiment indispensables !<\/p>\n<p>Attention, Pouce et Compagnie en assure la distribution au Luxembourg et en Belgique. En France, c&rsquo;est la soci\u00e9t\u00e9 A\u00eatre qui s&rsquo;en charge et avec laquelle nous pouvons vous mettre en contact.<\/p>\n<p>Vous pouvez t\u00e9l\u00e9charger le catalogue en cliquant sur l&rsquo;image ci-dessous:<\/p>\n<p><a href=\"http:\/\/pouce-et-compagnie.fr\/wp-content\/uploads\/2016\/02\/flyer-kidsshirt.pdf\" target=\"_blank\"><img decoding=\"async\" loading=\"lazy\" class=\"size-medium wp-image-55 aligncenter\" src=\"http:\/\/pouce-et-compagnie.fr\/wp-content\/uploads\/2016\/02\/couverture-catalogue-kidsshirt-300x140.jpg\" alt=\"Catalogue Kidsshirt\" width=\"300\" height=\"140\" srcset=\"https:\/\/pouce-et-compagnie.fr\/wp-content\/uploads\/2016\/02\/couverture-catalogue-kidsshirt-300x140.jpg 300w, https:\/\/pouce-et-compagnie.fr\/wp-content\/uploads\/2016\/02\/couverture-catalogue-kidsshirt.jpg 359w\" sizes=\"(max-width: 300px) 100vw, 300px\" \/><\/a><\/p>\n","protected":false},"excerpt":{"rendered":"<p>Kidsshirt est une soci\u00e9t\u00e9 allemande qui a invent\u00e9 des t-shirts en coton sur lesquels tout est imprim\u00e9 afin de se d\u00e9guiser en un tour de main. 100% coton, de finition irr\u00e9prochable et lavables des dizaines de fois, les t-shirts sont&#8230;<\/p>\n","protected":false},"author":1,"featured_media":0,"parent":2,"menu_order":0,"comment_status":"closed","ping_status":"closed","template":"","meta":[],"_links":{"self":[{"href":"https:\/\/pouce-et-compagnie.fr\/index.php\/wp-json\/wp\/v2\/pages\/101"}],"collection":[{"href":"https:\/\/pouce-et-compagnie.fr\/index.php\/wp-json\/wp\/v2\/pages"}],"about":[{"href":"https:\/\/pouce-et-compagnie.fr\/index.php\/wp-json\/wp\/v2\/types\/page"}],"author":[{"embeddable":true,"href":"https:\/\/pouce-et-compagnie.fr\/index.php\/wp-json\/wp\/v2\/users\/1"}],"replies":[{"embeddable":true,"href":"https:\/\/pouce-et-compagnie.fr\/index.php\/wp-json\/wp\/v2\/comments?post=101"}],"version-history":[{"count":5,"href":"https:\/\/pouce-et-compagnie.fr\/index.php\/wp-json\/wp\/v2\/pages\/101\/revisions"}],"predecessor-version":[{"id":145,"href":"https:\/\/pouce-et-compagnie.fr\/index.php\/wp-json\/wp\/v2\/pages\/101\/revisions\/145"}],"up":[{"embeddable":true,"href":"https:\/\/pouce-et-compagnie.fr\/index.php\/wp-json\/wp\/v2\/pages\/2"}],"wp:attachment":[{"href":"https:\/\/pouce-et-compagnie.fr\/index.php\/wp-json\/wp\/v2\/media?parent=101"}],"curies":[{"name":"wp","href":"https:\/\/api.w.org\/{rel}","templated":true}]}}