{"id":117,"date":"2016-02-09T20:23:32","date_gmt":"2016-02-09T19:23:32","guid":{"rendered":"http:\/\/pouce-et-compagnie.fr\/?page_id=117"},"modified":"2020-07-15T08:02:23","modified_gmt":"2020-07-15T07:02:23","slug":"atelier","status":"publish","type":"page","link":"https:\/\/pouce-et-compagnie.fr\/index.php\/atelier\/","title":{"rendered":"Sur Mesure"},"content":{"rendered":"<p>Pouce et Compagnie, c&rsquo;est \u00e9galement un atelier de cr\u00e9ation de costumes sur mesure pour les particuliers et professionnels.<\/p>\n<p style=\"text-align: center;\"><a href=\"http:\/\/pouce-et-compagnie.fr\/wp-content\/uploads\/2016\/02\/atelier-de-costumes.jpg\"><img decoding=\"async\" loading=\"lazy\" class=\"alignnone size-medium wp-image-120\" src=\"http:\/\/pouce-et-compagnie.fr\/wp-content\/uploads\/2016\/02\/atelier-de-costumes-199x300.jpg\" alt=\"Atelier de costumes\" width=\"199\" height=\"300\" srcset=\"https:\/\/pouce-et-compagnie.fr\/wp-content\/uploads\/2016\/02\/atelier-de-costumes-199x300.jpg 199w, https:\/\/pouce-et-compagnie.fr\/wp-content\/uploads\/2016\/02\/atelier-de-costumes.jpg 510w\" sizes=\"(max-width: 199px) 100vw, 199px\" \/><\/a><\/p>\n<p style=\"text-align: left;\">Vous recherchez une mascotte pour faire la promotion d&rsquo;un produit ? un costume pour un spectacle de danse, de th\u00e9\u00e2tre ? une tenue d&rsquo;h\u00f4tesse pour un salon ? un costume historique ? une robe de soir\u00e9e ? des v\u00eatements de cort\u00e8ge ? un d\u00e9guisement pour une f\u00eate anim\u00e9e ? un costume de carnaval v\u00e9nitien ? un d\u00e9cor de table original ?<\/p>\n<p style=\"text-align: left;\">Nous pouvons r\u00e9pondre \u00e0 votre demande et plus g\u00e9n\u00e9ralement \u00e0 tout projet en rapport avec le tissu, la couture et la d\u00e9coration.<\/p>\n<p>Nous r\u00e9alisons tout sp\u00e9cialement les tenues pour les acteurs du secteur culturel dans le cadre de visites costum\u00e9es, d&rsquo;ateliers \u00e0 th\u00e8me ou d&rsquo;expositions.<\/p>\n<p><a href=\"https:\/\/pouce-et-compagnie.fr\/wp-content\/uploads\/2020\/07\/Visites-costum\u00e9es.jpg\"><img decoding=\"async\" loading=\"lazy\" class=\"size-medium wp-image-211 aligncenter\" src=\"https:\/\/pouce-et-compagnie.fr\/wp-content\/uploads\/2020\/07\/Visites-costum\u00e9es-212x300.jpg\" alt=\"Visites costum\u00e9es\" width=\"212\" height=\"300\" srcset=\"https:\/\/pouce-et-compagnie.fr\/wp-content\/uploads\/2020\/07\/Visites-costum\u00e9es-212x300.jpg 212w, https:\/\/pouce-et-compagnie.fr\/wp-content\/uploads\/2020\/07\/Visites-costum\u00e9es-768x1086.jpg 768w, https:\/\/pouce-et-compagnie.fr\/wp-content\/uploads\/2020\/07\/Visites-costum\u00e9es-724x1024.jpg 724w\" sizes=\"(max-width: 212px) 100vw, 212px\" \/><\/a><\/p>\n<p style=\"text-align: left;\">N&rsquo;h\u00e9sitez pas \u00e0 nous contacter pour un devis gratuit. Vous pouvez d\u00e9couvrir quelques unes de nos r\u00e9alisations sur le site <a href=\"http:\/\/www.pouce-et-compagnie.lu\" target=\"_blank\" rel=\"noopener\">www.pouce-et-compagnie.lu<\/a> : nous avons regroup\u00e9 les cr\u00e9ations des ateliers de Cosnes et Romain en France et de Cl\u00e9mency au Luxembourg sur un m\u00eame site internet.<\/p>\n","protected":false},"excerpt":{"rendered":"<p>Pouce et Compagnie, c&rsquo;est \u00e9galement un atelier de cr\u00e9ation de costumes sur mesure pour les particuliers et professionnels. Vous recherchez une mascotte pour faire la promotion d&rsquo;un produit ? un costume pour un spectacle de danse, de th\u00e9\u00e2tre ? une&#8230;<\/p>\n","protected":false},"author":1,"featured_media":0,"parent":0,"menu_order":0,"comment_status":"closed","ping_status":"closed","template":"","meta":[],"_links":{"self":[{"href":"https:\/\/pouce-et-compagnie.fr\/index.php\/wp-json\/wp\/v2\/pages\/117"}],"collection":[{"href":"https:\/\/pouce-et-compagnie.fr\/index.php\/wp-json\/wp\/v2\/pages"}],"about":[{"href":"https:\/\/pouce-et-compagnie.fr\/index.php\/wp-json\/wp\/v2\/types\/page"}],"author":[{"embeddable":true,"href":"https:\/\/pouce-et-compagnie.fr\/index.php\/wp-json\/wp\/v2\/users\/1"}],"replies":[{"embeddable":true,"href":"https:\/\/pouce-et-compagnie.fr\/index.php\/wp-json\/wp\/v2\/comments?post=117"}],"version-history":[{"count":6,"href":"https:\/\/pouce-et-compagnie.fr\/index.php\/wp-json\/wp\/v2\/pages\/117\/revisions"}],"predecessor-version":[{"id":212,"href":"https:\/\/pouce-et-compagnie.fr\/index.php\/wp-json\/wp\/v2\/pages\/117\/revisions\/212"}],"wp:attachment":[{"href":"https:\/\/pouce-et-compagnie.fr\/index.php\/wp-json\/wp\/v2\/media?parent=117"}],"curies":[{"name":"wp","href":"https:\/\/api.w.org\/{rel}","templated":true}]}}