{"id":128,"date":"2016-02-09T20:41:01","date_gmt":"2016-02-09T19:41:01","guid":{"rendered":"http:\/\/pouce-et-compagnie.fr\/?page_id=128"},"modified":"2016-02-09T20:41:01","modified_gmt":"2016-02-09T19:41:01","slug":"particuliers","status":"publish","type":"page","link":"https:\/\/pouce-et-compagnie.fr\/index.php\/particuliers\/","title":{"rendered":"Particuliers"},"content":{"rendered":"<p>Vous aimez nos produits et vous aimeriez les acheter ?<\/p>\n<p>Rien de plus simple. Vous trouverez ci-dessous une liste de magasins de jouets, boutiques de ch\u00e2teaux et de mus\u00e9es, sites internet, etc&#8230; qui les proposent \u00e0 la vente.<\/p>\n<p>Mais attention, ces adresses n&rsquo;ont pas tous les produits de toutes les collections.<\/p>\n<p>Si vous ne trouvez pas ce que vous cherchez, vous pouvez nous contacter ou visiter le site <a href=\"http:\/\/www.pouce-et-compagnie.com\" target=\"_blank\">www.pouce-et-compagnie.com<\/a> o\u00f9 nous proposons certains produits pr\u00e9sent\u00e9s ici et d&rsquo;autres coups de coeur.<\/p>\n","protected":false},"excerpt":{"rendered":"<p>Vous aimez nos produits et vous aimeriez les acheter ? Rien de plus simple. Vous trouverez ci-dessous une liste de magasins de jouets, boutiques de ch\u00e2teaux et de mus\u00e9es, sites internet, etc&#8230; qui les proposent \u00e0 la vente. Mais attention,&#8230;<\/p>\n","protected":false},"author":1,"featured_media":0,"parent":0,"menu_order":0,"comment_status":"closed","ping_status":"closed","template":"","meta":[],"_links":{"self":[{"href":"https:\/\/pouce-et-compagnie.fr\/index.php\/wp-json\/wp\/v2\/pages\/128"}],"collection":[{"href":"https:\/\/pouce-et-compagnie.fr\/index.php\/wp-json\/wp\/v2\/pages"}],"about":[{"href":"https:\/\/pouce-et-compagnie.fr\/index.php\/wp-json\/wp\/v2\/types\/page"}],"author":[{"embeddable":true,"href":"https:\/\/pouce-et-compagnie.fr\/index.php\/wp-json\/wp\/v2\/users\/1"}],"replies":[{"embeddable":true,"href":"https:\/\/pouce-et-compagnie.fr\/index.php\/wp-json\/wp\/v2\/comments?post=128"}],"version-history":[{"count":1,"href":"https:\/\/pouce-et-compagnie.fr\/index.php\/wp-json\/wp\/v2\/pages\/128\/revisions"}],"predecessor-version":[{"id":129,"href":"https:\/\/pouce-et-compagnie.fr\/index.php\/wp-json\/wp\/v2\/pages\/128\/revisions\/129"}],"wp:attachment":[{"href":"https:\/\/pouce-et-compagnie.fr\/index.php\/wp-json\/wp\/v2\/media?parent=128"}],"curies":[{"name":"wp","href":"https:\/\/api.w.org\/{rel}","templated":true}]}}