{"id":137,"date":"2016-02-09T21:05:16","date_gmt":"2016-02-09T20:05:16","guid":{"rendered":"http:\/\/pouce-et-compagnie.fr\/?page_id=137"},"modified":"2016-02-09T21:05:16","modified_gmt":"2016-02-09T20:05:16","slug":"accueil","status":"publish","type":"page","link":"https:\/\/pouce-et-compagnie.fr\/","title":{"rendered":"Accueil"},"content":{"rendered":"<p>Bonjour et bienvenue sur le site de pr\u00e9sentation de la soci\u00e9t\u00e9 Pouce et Compagnie.<\/p>\n<p>Cr\u00e9\u00e9e en 2001 pour promouvoir les gants marionnettes invent\u00e9s par sa cr\u00e9atrice Anne-Marie Schwartz, Pouce et Compagnie s&rsquo;est rapidement orient\u00e9e vers les d\u00e9guisements pour enfants et les produits de l&rsquo;univers des chevaliers et princesses.<\/p>\n<p>Tous nos mod\u00e8les sont inspir\u00e9s des vrais costumes historiques par le choix des tissus et des formes, mais tous sont pens\u00e9s pour \u00eatre port\u00e9s par des enfants de fa\u00e7on confortable et propice aux jeux.<\/p>\n<p>Dans cet esprit, nous avons d\u00e9velopp\u00e9 des armes en mousse qui permettent de jouer sans se faire mal car nous pensons qu&rsquo;il est bien dommage de donner un jouet \u00e0 un enfant et d&rsquo;\u00eatre en permanence en train de le surveiller pour \u00e9viter qu&rsquo;il ne se blesse ou ses camarades de jeu.<\/p>\n<p>Nos d\u00e9guisements sont lavables et adapt\u00e9s \u00e0 toutes les morphologies. Ils peuvent s&rsquo;enfiler sans l&rsquo;aide d&rsquo;un adulte car il n&rsquo;y a pas de boutons ni de fermeture zip.<\/p>\n<p>Nous avons naturellement d\u00e9velopp\u00e9 des partenariats avec des entreprises fran\u00e7aises et \u00e9trang\u00e8res qui sont dans le m\u00eame univers ou correspondent au m\u00eame esprit.<\/p>\n<p>&nbsp;<\/p>\n<p><a href=\"http:\/\/pouce-et-compagnie.fr\/wp-content\/uploads\/2016\/02\/logo-ombres.jpg\"><img decoding=\"async\" loading=\"lazy\" class=\"size-medium wp-image-138 aligncenter\" src=\"http:\/\/pouce-et-compagnie.fr\/wp-content\/uploads\/2016\/02\/logo-ombres-300x300.jpg\" alt=\"logo ombres\" width=\"300\" height=\"300\" srcset=\"https:\/\/pouce-et-compagnie.fr\/wp-content\/uploads\/2016\/02\/logo-ombres-300x300.jpg 300w, https:\/\/pouce-et-compagnie.fr\/wp-content\/uploads\/2016\/02\/logo-ombres-150x150.jpg 150w, https:\/\/pouce-et-compagnie.fr\/wp-content\/uploads\/2016\/02\/logo-ombres-210x210.jpg 210w, https:\/\/pouce-et-compagnie.fr\/wp-content\/uploads\/2016\/02\/logo-ombres.jpg 900w\" sizes=\"(max-width: 300px) 100vw, 300px\" \/><\/a><\/p>\n<p>Pouce et Compagnie a son si\u00e8ge social au 56 rue du B\u00e9arn 54400 Cosnes et Romain et est enregistr\u00e9e au RCS de Briey sous le num\u00e9ro de SIRET 434 685 962 00053.<\/p>\n<p>Nous prolongeons l&rsquo;aventure en cr\u00e9ant des costumes sur mesure pour les particuliers et professionnels, que vous pouvez d\u00e9couvrir dans la rubrique atelier.<\/p>\n<p style=\"text-align: center;\">\n","protected":false},"excerpt":{"rendered":"<p>Bonjour et bienvenue sur le site de pr\u00e9sentation de la soci\u00e9t\u00e9 Pouce et Compagnie. Cr\u00e9\u00e9e en 2001 pour promouvoir les gants marionnettes invent\u00e9s par sa cr\u00e9atrice Anne-Marie Schwartz, Pouce et Compagnie s&rsquo;est rapidement orient\u00e9e vers les d\u00e9guisements pour enfants et&#8230;<\/p>\n","protected":false},"author":1,"featured_media":0,"parent":0,"menu_order":0,"comment_status":"closed","ping_status":"closed","template":"","meta":[],"_links":{"self":[{"href":"https:\/\/pouce-et-compagnie.fr\/index.php\/wp-json\/wp\/v2\/pages\/137"}],"collection":[{"href":"https:\/\/pouce-et-compagnie.fr\/index.php\/wp-json\/wp\/v2\/pages"}],"about":[{"href":"https:\/\/pouce-et-compagnie.fr\/index.php\/wp-json\/wp\/v2\/types\/page"}],"author":[{"embeddable":true,"href":"https:\/\/pouce-et-compagnie.fr\/index.php\/wp-json\/wp\/v2\/users\/1"}],"replies":[{"embeddable":true,"href":"https:\/\/pouce-et-compagnie.fr\/index.php\/wp-json\/wp\/v2\/comments?post=137"}],"version-history":[{"count":1,"href":"https:\/\/pouce-et-compagnie.fr\/index.php\/wp-json\/wp\/v2\/pages\/137\/revisions"}],"predecessor-version":[{"id":139,"href":"https:\/\/pouce-et-compagnie.fr\/index.php\/wp-json\/wp\/v2\/pages\/137\/revisions\/139"}],"wp:attachment":[{"href":"https:\/\/pouce-et-compagnie.fr\/index.php\/wp-json\/wp\/v2\/media?parent=137"}],"curies":[{"name":"wp","href":"https:\/\/api.w.org\/{rel}","templated":true}]}}