{"id":18,"date":"2015-11-04T21:01:37","date_gmt":"2015-11-04T20:01:37","guid":{"rendered":"http:\/\/pouce-et-compagnie.fr\/?page_id=18"},"modified":"2025-11-24T10:27:16","modified_gmt":"2025-11-24T09:27:16","slug":"pouce-et-compagnie-deguisements-et-accessoires","status":"publish","type":"page","link":"https:\/\/pouce-et-compagnie.fr\/index.php\/collections\/pouce-et-compagnie-deguisements-et-accessoires\/","title":{"rendered":"Pouce et Compagnie : d\u00e9guisements et accessoires"},"content":{"rendered":"<p>La collection de d\u00e9guisements et accessoires de la marque Pouce et Compagnie est n\u00e9e de la passion de sa cr\u00e9atrice pour l&rsquo;Histoire et les costumes historiques.\u00a0 Au d\u00e9part, essentiellement orient\u00e9e vers les chevaliers et gentes dames, la collection s&rsquo;est \u00e9toff\u00e9e pour recouvrir d&rsquo;autres p\u00e9riodes et inclure aujourd&rsquo;hui des d\u00e9guisements de personnages de l\u00e9gende.<\/p>\n<p>Les couleurs, les mati\u00e8res, les patrons sont donc choisis pour que les d\u00e9guisements ressemblent \u00e0 de vrais costumes. Cependant, ces v\u00eatements restent des d\u00e9guisements : ils sont adapt\u00e9s pour que les enfants puissent les porter sans entrave et les enfiler facilement. Ils sont de plus conformes aux normes de s\u00e9curit\u00e9 des jouets.<\/p>\n<p>Les accessoires sont con\u00e7us sur le m\u00eame principe, \u00e0 l&rsquo;exception des armes qui ont \u00e9t\u00e9 d\u00e9lib\u00e9r\u00e9ment fabriqu\u00e9es avec de la mousse recouverte de tissu, dans le but de permettre aux enfants de jouer sans se faire mal. Il nous a en effet sembl\u00e9 plus important de prot\u00e9ger les enfants que de les autoriser \u00e0 jouer avec un jouet dangereux qui demande en permanence la surveillance d&rsquo;un adulte.<\/p>\n<p>La majorit\u00e9 des nos d\u00e9guisements est fabriqu\u00e9e en Chine, dans une PME familiale qui respecte nos exigences de qualit\u00e9 et les mod\u00e8les que nous dessinons. Certains articles sont fabriqu\u00e9s en Tunisie ou UE, notamment dans notre atelier de costumes du Luxembourg.<\/p>\n<p>Pour t\u00e9l\u00e9charger le catalogue, il vous suffit de cliquer sur l&rsquo;image.<\/p>\n<p><a href=\"https:\/\/pouce-et-compagnie.fr\/wp-content\/uploads\/2025\/11\/catalogue-Pouce-et-Compagnie.pdf\" target=\"_blank\" rel=\"noopener\"><img decoding=\"async\" loading=\"lazy\" class=\"aligncenter wp-image-54 size-full\" src=\"https:\/\/pouce-et-compagnie.fr\/wp-content\/uploads\/2016\/02\/couverture-catalogue-Pouce-et-Compagnie.jpg\" alt=\"couverture-catalogue-Pouce-et-Compagnie\" width=\"196\" height=\"283\" \/><\/a>Vous pouvez \u00e9galement <a href=\"http:\/\/pouce-et-compagnie.fr\/index.php\/telecharger-des-photos\/\">t\u00e9l\u00e9charger des photos<\/a><\/p>\n","protected":false},"excerpt":{"rendered":"<p>La collection de d\u00e9guisements et accessoires de la marque Pouce et Compagnie est n\u00e9e de la passion de sa cr\u00e9atrice pour l&rsquo;Histoire et les costumes historiques.\u00a0 Au d\u00e9part, essentiellement orient\u00e9e vers les chevaliers et gentes dames, la collection s&rsquo;est \u00e9toff\u00e9e&#8230;<\/p>\n","protected":false},"author":1,"featured_media":0,"parent":2,"menu_order":0,"comment_status":"closed","ping_status":"closed","template":"","meta":[],"_links":{"self":[{"href":"https:\/\/pouce-et-compagnie.fr\/index.php\/wp-json\/wp\/v2\/pages\/18"}],"collection":[{"href":"https:\/\/pouce-et-compagnie.fr\/index.php\/wp-json\/wp\/v2\/pages"}],"about":[{"href":"https:\/\/pouce-et-compagnie.fr\/index.php\/wp-json\/wp\/v2\/types\/page"}],"author":[{"embeddable":true,"href":"https:\/\/pouce-et-compagnie.fr\/index.php\/wp-json\/wp\/v2\/users\/1"}],"replies":[{"embeddable":true,"href":"https:\/\/pouce-et-compagnie.fr\/index.php\/wp-json\/wp\/v2\/comments?post=18"}],"version-history":[{"count":30,"href":"https:\/\/pouce-et-compagnie.fr\/index.php\/wp-json\/wp\/v2\/pages\/18\/revisions"}],"predecessor-version":[{"id":263,"href":"https:\/\/pouce-et-compagnie.fr\/index.php\/wp-json\/wp\/v2\/pages\/18\/revisions\/263"}],"up":[{"embeddable":true,"href":"https:\/\/pouce-et-compagnie.fr\/index.php\/wp-json\/wp\/v2\/pages\/2"}],"wp:attachment":[{"href":"https:\/\/pouce-et-compagnie.fr\/index.php\/wp-json\/wp\/v2\/media?parent=18"}],"curies":[{"name":"wp","href":"https:\/\/api.w.org\/{rel}","templated":true}]}}