{"id":2,"date":"2015-11-03T19:25:46","date_gmt":"2015-11-03T18:25:46","guid":{"rendered":"http:\/\/pouce-et-compagnie.fr\/?page_id=2"},"modified":"2020-02-07T14:58:09","modified_gmt":"2020-02-07T13:58:09","slug":"collections","status":"publish","type":"page","link":"https:\/\/pouce-et-compagnie.fr\/index.php\/collections\/","title":{"rendered":"Collections"},"content":{"rendered":"<p>Pouce et Compagnie vous pr\u00e9sente les diff\u00e9rentes collections class\u00e9es par marque:<\/p>\n<ul>\n<li><a href=\"http:\/\/pouce-et-compagnie.fr\/index.php\/pouce-et-compagnie-deguisements-et-accessoires\/\">Pouce et Compagnie<\/a> : d\u00e9guisements d&rsquo;inspiration historique et accessoires<\/li>\n<li><a href=\"http:\/\/pouce-et-compagnie.fr\/index.php\/pouce-et-compagnie-gants-marionnettes-et-accessoires-dhiver\/\">Pouce et Compagnie<\/a> : gants marionnettes et accessoires d&rsquo;hiver<\/li>\n<li><a href=\"http:\/\/pouce-et-compagnie.fr\/index.php\/calafant-constructions-en-carton\/\">Calafant<\/a> : constructions en carton, Allemagne<\/li>\n<li><a href=\"http:\/\/pouce-et-compagnie.fr\/index.php\/leolandia-maquettes-en-carton\/\">Leolandia<\/a> : maquettes en carton, Pologne<\/li>\n<li><a href=\"http:\/\/pouce-et-compagnie.fr\/index.php\/gigi-blocks-des-briques-en-carton-pour-construire-a-linfini\/\">Gigi<\/a> : briques en carton, Lettonie<\/li>\n<li><a href=\"http:\/\/pouce-et-compagnie.fr\/index.php\/helga-kreft-jouets-en-bois-fabriques-en-allemagne\/\">Helga Kreft<\/a> : jouets en bois et jouets artisanaux, Allemagne<\/li>\n<li><a href=\"http:\/\/pouce-et-compagnie.fr\/index.php\/pat-und-patty-coussins-bouillottes-et-vetements-bio-fabriques-en-allemagne\/\">Pat und Patty<\/a> : bouillottes, coussins et v\u00eatements bio, Allemagne<\/li>\n<li><a href=\"http:\/\/pouce-et-compagnie.fr\/index.php\/les-choupinettes-des-poupees-a-scratchs-made-in-france\/\">Les Choupinettes<\/a> : poup\u00e9es \u00e0 scratch et accessoires, fabriqu\u00e9s en France<\/li>\n<li><a href=\"http:\/\/pouce-et-compagnie.fr\/index.php\/kidsshirt-des-t-shirts-pour-se-deguiser\/\">Kidsshirt<\/a> : t-shirts d\u00e9guisements<\/li>\n<\/ul>\n","protected":false},"excerpt":{"rendered":"<p>Pouce et Compagnie vous pr\u00e9sente les diff\u00e9rentes collections class\u00e9es par marque: Pouce et Compagnie : d\u00e9guisements d&rsquo;inspiration historique et accessoires Pouce et Compagnie : gants marionnettes et accessoires d&rsquo;hiver Calafant : constructions en carton, Allemagne Leolandia : maquettes en carton,&#8230;<\/p>\n","protected":false},"author":1,"featured_media":0,"parent":0,"menu_order":0,"comment_status":"closed","ping_status":"open","template":"","meta":[],"_links":{"self":[{"href":"https:\/\/pouce-et-compagnie.fr\/index.php\/wp-json\/wp\/v2\/pages\/2"}],"collection":[{"href":"https:\/\/pouce-et-compagnie.fr\/index.php\/wp-json\/wp\/v2\/pages"}],"about":[{"href":"https:\/\/pouce-et-compagnie.fr\/index.php\/wp-json\/wp\/v2\/types\/page"}],"author":[{"embeddable":true,"href":"https:\/\/pouce-et-compagnie.fr\/index.php\/wp-json\/wp\/v2\/users\/1"}],"replies":[{"embeddable":true,"href":"https:\/\/pouce-et-compagnie.fr\/index.php\/wp-json\/wp\/v2\/comments?post=2"}],"version-history":[{"count":17,"href":"https:\/\/pouce-et-compagnie.fr\/index.php\/wp-json\/wp\/v2\/pages\/2\/revisions"}],"predecessor-version":[{"id":202,"href":"https:\/\/pouce-et-compagnie.fr\/index.php\/wp-json\/wp\/v2\/pages\/2\/revisions\/202"}],"wp:attachment":[{"href":"https:\/\/pouce-et-compagnie.fr\/index.php\/wp-json\/wp\/v2\/media?parent=2"}],"curies":[{"name":"wp","href":"https:\/\/api.w.org\/{rel}","templated":true}]}}