{"id":32,"date":"2015-11-05T08:47:51","date_gmt":"2015-11-05T07:47:51","guid":{"rendered":"http:\/\/pouce-et-compagnie.fr\/?page_id=32"},"modified":"2022-11-25T18:44:13","modified_gmt":"2022-11-25T17:44:13","slug":"leolandia-maquettes-en-carton","status":"publish","type":"page","link":"https:\/\/pouce-et-compagnie.fr\/index.php\/collections\/leolandia-maquettes-en-carton\/","title":{"rendered":"Leolandia : maquettes en carton"},"content":{"rendered":"<p>Leolandia est une soci\u00e9t\u00e9 polonaise sp\u00e9cialis\u00e9e dans la fabrication de produits en carton.<\/p>\n<p>Sa gamme de jouets utilise un carton \u00e9cologique dont les bords sont rendus non coupants gr\u00e2ce \u00e0 une technologie sp\u00e9ciale.<\/p>\n<p>Ces jouets sont destin\u00e9s aux enfants d\u00e8s la maternelle et certains mod\u00e8les un peu r\u00e9tro vont surtout int\u00e9resser les adultes.<\/p>\n<p>ous pouvez \u00e9galement t\u00e9l\u00e9charger leur catalogue en cliquant sur l&rsquo;image ci-dessous.<\/p>\n<p style=\"text-align: center;\"><a href=\"http:\/\/pouce-et-compagnie.fr\/wp-content\/uploads\/2017\/03\/catalogue-Leolandia-2017.pdf\" target=\"_blank\" rel=\"noopener\"><img decoding=\"async\" loading=\"lazy\" class=\"alignnone size-medium wp-image-185\" src=\"http:\/\/pouce-et-compagnie.fr\/wp-content\/uploads\/2017\/03\/couverture-catalogue-leolandia-2017-212x300.jpg\" alt=\"Catalogue Leolandia 2017\" width=\"212\" height=\"300\" srcset=\"https:\/\/pouce-et-compagnie.fr\/wp-content\/uploads\/2017\/03\/couverture-catalogue-leolandia-2017-212x300.jpg 212w, https:\/\/pouce-et-compagnie.fr\/wp-content\/uploads\/2017\/03\/couverture-catalogue-leolandia-2017.jpg 560w\" sizes=\"(max-width: 212px) 100vw, 212px\" \/><\/a><\/p>\n<p style=\"text-align: left;\">Pour t\u00e9l\u00e9charger les images, cliquez <a href=\"http:\/\/www.leolandia.pl\\media\\\" target=\"_blank\" rel=\"noopener\">ici<\/a>.<\/p>\n","protected":false},"excerpt":{"rendered":"<p>Leolandia est une soci\u00e9t\u00e9 polonaise sp\u00e9cialis\u00e9e dans la fabrication de produits en carton. Sa gamme de jouets utilise un carton \u00e9cologique dont les bords sont rendus non coupants gr\u00e2ce \u00e0 une technologie sp\u00e9ciale. Ces jouets sont destin\u00e9s aux enfants d\u00e8s&#8230;<\/p>\n","protected":false},"author":1,"featured_media":0,"parent":2,"menu_order":0,"comment_status":"closed","ping_status":"closed","template":"","meta":[],"_links":{"self":[{"href":"https:\/\/pouce-et-compagnie.fr\/index.php\/wp-json\/wp\/v2\/pages\/32"}],"collection":[{"href":"https:\/\/pouce-et-compagnie.fr\/index.php\/wp-json\/wp\/v2\/pages"}],"about":[{"href":"https:\/\/pouce-et-compagnie.fr\/index.php\/wp-json\/wp\/v2\/types\/page"}],"author":[{"embeddable":true,"href":"https:\/\/pouce-et-compagnie.fr\/index.php\/wp-json\/wp\/v2\/users\/1"}],"replies":[{"embeddable":true,"href":"https:\/\/pouce-et-compagnie.fr\/index.php\/wp-json\/wp\/v2\/comments?post=32"}],"version-history":[{"count":7,"href":"https:\/\/pouce-et-compagnie.fr\/index.php\/wp-json\/wp\/v2\/pages\/32\/revisions"}],"predecessor-version":[{"id":243,"href":"https:\/\/pouce-et-compagnie.fr\/index.php\/wp-json\/wp\/v2\/pages\/32\/revisions\/243"}],"up":[{"embeddable":true,"href":"https:\/\/pouce-et-compagnie.fr\/index.php\/wp-json\/wp\/v2\/pages\/2"}],"wp:attachment":[{"href":"https:\/\/pouce-et-compagnie.fr\/index.php\/wp-json\/wp\/v2\/media?parent=32"}],"curies":[{"name":"wp","href":"https:\/\/api.w.org\/{rel}","templated":true}]}}