{"id":63,"date":"2016-02-08T18:35:27","date_gmt":"2016-02-08T17:35:27","guid":{"rendered":"http:\/\/pouce-et-compagnie.fr\/?page_id=63"},"modified":"2016-02-15T20:00:27","modified_gmt":"2016-02-15T19:00:27","slug":"pouce-et-compagnie-gants-marionnettes-et-accessoires-dhiver","status":"publish","type":"page","link":"https:\/\/pouce-et-compagnie.fr\/index.php\/collections\/pouce-et-compagnie-gants-marionnettes-et-accessoires-dhiver\/","title":{"rendered":"Pouce et Compagnie : gants marionnettes et accessoires d&rsquo;hiver"},"content":{"rendered":"<p>Voici les gants marionnettes que nous avons tout sp\u00e9cialement cr\u00e9\u00e9s pour les enfants.<\/p>\n<p>Plus rigolos que des moufles, plus faciles que des gants, plus petits que les vraies marionnettes, rien n&rsquo;a \u00e9t\u00e9 oubli\u00e9 pour que les enfants les mettent avec plaisir.<br \/>\nLe principe est tout simple:<\/p>\n<div class=\"centre\">\n<table class=\"border0\" width=\"100%\">\n<tbody>\n<tr>\n<td><img decoding=\"async\" loading=\"lazy\" src=\"http:\/\/www.pouce-et-compagnie.com\/schema-gant-marionnette-1.gif\" alt=\"sch\u00e9ma 1\" width=\"75\" height=\"100\" \/><\/td>\n<td><img decoding=\"async\" loading=\"lazy\" src=\"http:\/\/www.pouce-et-compagnie.com\/schema-gant-marionnette-2.gif\" alt=\"sch\u00e9ma 2\" width=\"53\" height=\"108\" \/><\/td>\n<td><img decoding=\"async\" loading=\"lazy\" src=\"http:\/\/www.pouce-et-compagnie.com\/schema-gant-marionnette-3.gif\" alt=\"sch\u00e9ma 3\" width=\"85\" height=\"105\" \/><\/td>\n<td><img decoding=\"async\" loading=\"lazy\" src=\"http:\/\/www.pouce-et-compagnie.com\/schema-gant-marionnette-4.gif\" alt=\"sch\u00e9ma 4\" width=\"73\" height=\"105\" \/><\/td>\n<td><img decoding=\"async\" loading=\"lazy\" src=\"http:\/\/www.pouce-et-compagnie.com\/schema-gant-marionnette-5.gif\" alt=\"sch\u00e9ma 5\" width=\"77\" height=\"105\" \/><\/td>\n<\/tr>\n<tr>\n<td rowspan=\"2\">1. On enl\u00e8ve la veste sans risque de la perdre (elle est attach\u00e9e au dos)<br \/>\n<img decoding=\"async\" loading=\"lazy\" src=\"http:\/\/www.pouce-et-compagnie.com\/confetti-bleu.gif\" alt=\"confetti bleu\" width=\"24\" height=\"24\" \/><\/td>\n<td><img decoding=\"async\" loading=\"lazy\" src=\"http:\/\/www.pouce-et-compagnie.com\/mainentrante.gif\" alt=\"main entrante\" width=\"71\" height=\"100\" \/><\/td>\n<td rowspan=\"2\">3. On sort le pouce d&rsquo;un c\u00f4t\u00e9, le petit doigt de l&rsquo;autre<img decoding=\"async\" loading=\"lazy\" src=\"http:\/\/www.pouce-et-compagnie.com\/confetti-jaune.gif\" alt=\"confetti jaune\" width=\"24\" height=\"24\" \/><\/td>\n<td rowspan=\"2\">4. Et on habille les doigts<\/p>\n<p><img decoding=\"async\" loading=\"lazy\" src=\"http:\/\/www.pouce-et-compagnie.com\/confetti-vert.gif\" alt=\"confetti vert\" width=\"24\" height=\"24\" \/><\/td>\n<td rowspan=\"2\"><img decoding=\"async\" loading=\"lazy\" src=\"http:\/\/www.pouce-et-compagnie.com\/confetti-rouge.gif\" alt=\"confetti rouge\" width=\"24\" height=\"24\" \/>5. Il suffit alors de bien refermer gr\u00e2ce au scratch<\/td>\n<\/tr>\n<tr>\n<td>2. On entre par le bas<\/td>\n<\/tr>\n<\/tbody>\n<\/table>\n<\/div>\n<p>&nbsp;<\/p>\n<p>Pour les enfants, c&rsquo;est plus facile \u00e0 enfiler et c&rsquo;est bien plus amusant de transformer sa main en personnage.<\/p>\n<p>Les gants marionnettes ont d&rsquo;ailleurs re\u00e7u la m\u00e9daille de bronze au concours L\u00e9pine \u00e0 Strasbourg en septembre 2002. <br class=\"centre\" \/><a href=\"http:\/\/www.concours-lepine.com\"><img decoding=\"async\" loading=\"lazy\" class=\"border0\" src=\"http:\/\/www.pouce-et-compagnie.com\/logo-lepine.gif\" alt=\"Logo du Concours L\u00e9\" width=\"167\" height=\"55\" \/><\/a><\/p>\n<p>Tout doux gr\u00e2ce \u00e0 la maille polaire, ils sont confortables et chauds et peuvent donc s&rsquo;utiliser indiff\u00e9remment comme gants d&rsquo;hiver, petits doudous ou marionnettes.<\/p>\n<p>Catherine Hardy a de plus invent\u00e9 de jolis petits livrets de th\u00e9\u00e2tre pour chaque personnage. Vous les retrouverez dans la rubrique Histoire de th\u00e9\u00e2tre.<\/p>\n<p>Pour Au Sycomore, nous avons repris les personnages traditionnels du th\u00e9\u00e2tre de marionnettes.<\/p>\n<p class=\"centre\"><img decoding=\"async\" loading=\"lazy\" title=\"gant chat\" src=\"http:\/\/www.pouce-et-compagnie.com\/GASCH.gif\" alt=\"gant chat\" width=\"90\" height=\"90\" \/> <img decoding=\"async\" loading=\"lazy\" title=\"gant pingouin\" src=\"http:\/\/www.pouce-et-compagnie.com\/GASPI.gif\" alt=\"gant pingouin\" width=\"90\" height=\"90\" \/> <img decoding=\"async\" loading=\"lazy\" title=\"gant clown\" src=\"http:\/\/www.pouce-et-compagnie.com\/GASCL.gif\" alt=\"gant clown\" width=\"120\" height=\"120\" \/> <img decoding=\"async\" loading=\"lazy\" title=\"gant fillette\" src=\"http:\/\/www.pouce-et-compagnie.com\/GASFI.gif\" alt=\"gant fillette\" width=\"120\" height=\"120\" \/><img decoding=\"async\" loading=\"lazy\" title=\"gant ours\" src=\"http:\/\/www.pouce-et-compagnie.com\/GASOU.gif\" alt=\"gant ours\" width=\"150\" height=\"150\" \/><\/p>\n<p>5 mod\u00e8les et 3 tailles (1-2 ans, 2-4 ans et 4-7 ans), le pouce l\u00e9g\u00e8rement plus bas que l&rsquo;auriculaire pour apprendre \u00e0 diff\u00e9rencier la main droite de la main gauche, les gants marionnettes sont vraiment adapt\u00e9s aux petites mains, d&rsquo;autant qu&rsquo;on peut sucer son pouce si on veut:<\/p>\n<p>il suffit d&rsquo;ouvrir un c\u00f4t\u00e9 de la veste et c&rsquo;est toujours celui du pouce qui s&rsquo;ouvre en premier. <img decoding=\"async\" loading=\"lazy\" src=\"http:\/\/www.pouce-et-compagnie.com\/mainnezrouge.gif\" alt=\"main au nez rouge\" width=\"32\" height=\"32\" \/><\/p>\n<p>Le petit personnage devient vite un doudou calin qu&rsquo;on peut emporter partout&#8230;<\/p>\n<p>Sur le th\u00e8me, nous avons d\u00e9clin\u00e9 des \u00e9charpes, des bonnets, des coffrets cadeaux<\/p>\n<p>Pour t\u00e9l\u00e9charger le catalogue, il vous suffit de cliquer sur l&rsquo;image.<\/p>\n","protected":false},"excerpt":{"rendered":"<p>Voici les gants marionnettes que nous avons tout sp\u00e9cialement cr\u00e9\u00e9s pour les enfants. Plus rigolos que des moufles, plus faciles que des gants, plus petits que les vraies marionnettes, rien n&rsquo;a \u00e9t\u00e9 oubli\u00e9 pour que les enfants les mettent avec&#8230;<\/p>\n","protected":false},"author":1,"featured_media":0,"parent":2,"menu_order":1,"comment_status":"closed","ping_status":"closed","template":"","meta":[],"_links":{"self":[{"href":"https:\/\/pouce-et-compagnie.fr\/index.php\/wp-json\/wp\/v2\/pages\/63"}],"collection":[{"href":"https:\/\/pouce-et-compagnie.fr\/index.php\/wp-json\/wp\/v2\/pages"}],"about":[{"href":"https:\/\/pouce-et-compagnie.fr\/index.php\/wp-json\/wp\/v2\/types\/page"}],"author":[{"embeddable":true,"href":"https:\/\/pouce-et-compagnie.fr\/index.php\/wp-json\/wp\/v2\/users\/1"}],"replies":[{"embeddable":true,"href":"https:\/\/pouce-et-compagnie.fr\/index.php\/wp-json\/wp\/v2\/comments?post=63"}],"version-history":[{"count":4,"href":"https:\/\/pouce-et-compagnie.fr\/index.php\/wp-json\/wp\/v2\/pages\/63\/revisions"}],"predecessor-version":[{"id":148,"href":"https:\/\/pouce-et-compagnie.fr\/index.php\/wp-json\/wp\/v2\/pages\/63\/revisions\/148"}],"up":[{"embeddable":true,"href":"https:\/\/pouce-et-compagnie.fr\/index.php\/wp-json\/wp\/v2\/pages\/2"}],"wp:attachment":[{"href":"https:\/\/pouce-et-compagnie.fr\/index.php\/wp-json\/wp\/v2\/media?parent=63"}],"curies":[{"name":"wp","href":"https:\/\/api.w.org\/{rel}","templated":true}]}}