{"id":70,"date":"2016-02-09T11:01:03","date_gmt":"2016-02-09T10:01:03","guid":{"rendered":"http:\/\/pouce-et-compagnie.fr\/?page_id=70"},"modified":"2022-11-25T18:45:12","modified_gmt":"2022-11-25T17:45:12","slug":"calafant-constructions-en-carton","status":"publish","type":"page","link":"https:\/\/pouce-et-compagnie.fr\/index.php\/collections\/calafant-constructions-en-carton\/","title":{"rendered":"Calafant : constructions en carton"},"content":{"rendered":"<p>Les constructions en carton CALAFANT stimulent et d\u00e9veloppent la cr\u00e9ativit\u00e9 des enfants.<\/p>\n<p>En plus du langage, la cr\u00e9ativit\u00e9 est le moyen le plus important qu\u2019on les enfants pour s\u2019exprimer. Chaque fois qu\u2019ils font de la peinture ou des travaux manuels, construisent des maquettes, ou jouent \u00e0 des jeux d\u2019imitation, ils d\u00e9veloppent leurs \u00e9motions, leurs exp\u00e9riences et trouvent leurs propres solutions. Ils am\u00e9liorent \u00e9galement leur motricit\u00e9.<\/p>\n<p>Les \u00e9ducateurs, m\u00e9decins et psychologues pour enfants recommandent\u00a0 de soutenir la cr\u00e9ativit\u00e9 des enfants et l\u2019\u00e9nergie qu\u2019ils y consacrent.<\/p>\n<p>Tous les produits CALAFANT sont con\u00e7us en Allemagne et fabriqu\u00e9s en Chine dans du carton de haute qualit\u00e9 et recyclable<\/p>\n<p>Ils sont assembl\u00e9s sans colle ni autre mat\u00e9riau.<br \/>\nToutes les pi\u00e8ces sont pr\u00e9d\u00e9coup\u00e9es et pr\u00e9pli\u00e9es.<\/p>\n<p>Une notice de montage est incluse dans chaque bo\u00eete.<\/p>\n<p>Les constructions en carton CALAFANT peuvent \u00eatre peintes et d\u00e9cor\u00e9es avec d\u2019autres mat\u00e9riaux en fonction de l\u2019imagination de chacun.<\/p>\n<p>Les mondes merveilleux en carton CALAFANT ont \u00e9t\u00e9 r\u00e9compens\u00e9s en 2006 lors du salon international du jouet de Nuremberg (Allemagne) par le prix \u201eToyAward\u201c dans la cat\u00e9gorie des jeux et jouets cr\u00e9atifs.<\/p>\n<p class=\"centre\"><img decoding=\"async\" loading=\"lazy\" class=\"aligncenter\" title=\"logo toy award\" src=\"http:\/\/www.pouce-et-compagnie.com\/logo-toy-award-2006.gif\" alt=\"logo toy award\" width=\"150\" height=\"88\" \/><\/p>\n<p>La commission des jeux et jouets pour enfants \u00ab\u00a0spiel gut\u00a0\u00bb (pour bien jouer) a montr\u00e9 tout son int\u00e9r\u00eat pour les mondes merveilleux en carton CALAFANT et a d\u2019ores et d\u00e9j\u00e0 accord\u00e9 son label \u00ab\u00a0spiel gut\u00a0\u00bb \u00e0 4 des grands mod\u00e8les de construction.<\/p>\n<p class=\"centre\"><img decoding=\"async\" loading=\"lazy\" class=\"aligncenter\" title=\"logo Spielgut\" src=\"http:\/\/www.pouce-et-compagnie.com\/logo-spielgut.gif\" alt=\"logo Spielgut\" width=\"100\" height=\"113\" \/><\/p>\n<p>La maison de poup\u00e9es CALAFANT a re\u00e7u en 2008 le prix du \u00ab\u00a0jouet de l\u2019ann\u00e9e\u00a0\u00bb d\u00e9cern\u00e9 par le magazine FAMILY FUN, le plus important magazine de la presse parentale aux Etats-Unis.<\/p>\n<p class=\"centre\"><img decoding=\"async\" loading=\"lazy\" class=\"aligncenter\" title=\"logo Family Fun\" src=\"http:\/\/www.pouce-et-compagnie.com\/logo-family-fun.gif\" alt=\"logo Family Fun\" width=\"138\" height=\"136\" \/>Vous pouvez \u00e9galement t\u00e9l\u00e9charger leur catalogue en cliquant sur l&rsquo;image ci-dessous.<\/p>\n<p class=\"centre\" style=\"text-align: center;\"><a href=\"http:\/\/pouce-et-compagnie.fr\/wp-content\/uploads\/2017\/03\/catalogue-Calafant-2017.pdf\" target=\"_blank\" rel=\"noopener\"><img decoding=\"async\" loading=\"lazy\" class=\"alignnone size-medium wp-image-184\" src=\"http:\/\/pouce-et-compagnie.fr\/wp-content\/uploads\/2017\/03\/couverture-catalogue-Calafant-2017-210x300.jpg\" alt=\"Catalogue Leolandia 2017\" width=\"210\" height=\"300\" srcset=\"https:\/\/pouce-et-compagnie.fr\/wp-content\/uploads\/2017\/03\/couverture-catalogue-Calafant-2017-210x300.jpg 210w, https:\/\/pouce-et-compagnie.fr\/wp-content\/uploads\/2017\/03\/couverture-catalogue-Calafant-2017.jpg 560w\" sizes=\"(max-width: 210px) 100vw, 210px\" \/><\/a><\/p>\n<p class=\"centre\">\u00a0Pour t\u00e9l\u00e9charger des images, il existe une <a href=\"https:\/\/www.dropbox.com\/sh\/uuz9rg7zbdymk99\/AAB8ZVFTuFYPxo8lVt2wDPAYa?dl=0\" target=\"_blank\" rel=\"noopener\">dropbox<\/a>.<\/p>\n","protected":false},"excerpt":{"rendered":"<p>Les constructions en carton CALAFANT stimulent et d\u00e9veloppent la cr\u00e9ativit\u00e9 des enfants. En plus du langage, la cr\u00e9ativit\u00e9 est le moyen le plus important qu\u2019on les enfants pour s\u2019exprimer. Chaque fois qu\u2019ils font de la peinture ou des travaux manuels,&#8230;<\/p>\n","protected":false},"author":1,"featured_media":0,"parent":2,"menu_order":0,"comment_status":"closed","ping_status":"closed","template":"","meta":[],"_links":{"self":[{"href":"https:\/\/pouce-et-compagnie.fr\/index.php\/wp-json\/wp\/v2\/pages\/70"}],"collection":[{"href":"https:\/\/pouce-et-compagnie.fr\/index.php\/wp-json\/wp\/v2\/pages"}],"about":[{"href":"https:\/\/pouce-et-compagnie.fr\/index.php\/wp-json\/wp\/v2\/types\/page"}],"author":[{"embeddable":true,"href":"https:\/\/pouce-et-compagnie.fr\/index.php\/wp-json\/wp\/v2\/users\/1"}],"replies":[{"embeddable":true,"href":"https:\/\/pouce-et-compagnie.fr\/index.php\/wp-json\/wp\/v2\/comments?post=70"}],"version-history":[{"count":7,"href":"https:\/\/pouce-et-compagnie.fr\/index.php\/wp-json\/wp\/v2\/pages\/70\/revisions"}],"predecessor-version":[{"id":244,"href":"https:\/\/pouce-et-compagnie.fr\/index.php\/wp-json\/wp\/v2\/pages\/70\/revisions\/244"}],"up":[{"embeddable":true,"href":"https:\/\/pouce-et-compagnie.fr\/index.php\/wp-json\/wp\/v2\/pages\/2"}],"wp:attachment":[{"href":"https:\/\/pouce-et-compagnie.fr\/index.php\/wp-json\/wp\/v2\/media?parent=70"}],"curies":[{"name":"wp","href":"https:\/\/api.w.org\/{rel}","templated":true}]}}