{"id":75,"date":"2016-02-09T11:05:38","date_gmt":"2016-02-09T10:05:38","guid":{"rendered":"http:\/\/pouce-et-compagnie.fr\/?page_id=75"},"modified":"2016-02-15T19:58:03","modified_gmt":"2016-02-15T18:58:03","slug":"gigi-blocks-des-briques-en-carton-pour-construire-a-linfini","status":"publish","type":"page","link":"https:\/\/pouce-et-compagnie.fr\/index.php\/collections\/gigi-blocks-des-briques-en-carton-pour-construire-a-linfini\/","title":{"rendered":"Gigi blocks : des briques en carton pour construire \u00e0 l&rsquo;infini"},"content":{"rendered":"<p>Construisez \u00e0 l&rsquo;infini avec les briques GIGI<\/p>\n<p>&nbsp;<\/p>\n<p><img decoding=\"async\" title=\"Gigi blocs construction\" src=\"http:\/\/www.pouce-et-compagnie.com\/GIGI-blocs-construction-murs.jpg\" alt=\"Gigi blocs construction\" \/><\/p>\n<p>Les briques sont en carton \u00e9cologique, pr\u00e9pli\u00e9es et faciles \u00e0 monter, sans outil.<\/p>\n<p><img decoding=\"async\" class=\"briques de base\" src=\"http:\/\/www.pouce-et-compagnie.com\/GIGI-blocs-briques.jpg\" alt=\"briques de base\" \/><\/p>\n<p>Tr\u00e8s robustes, elles s&rsquo;imbriquent simplement et peuvent \u00eatre mont\u00e9es et d\u00e9mont\u00e9es pour permettre toutes sortes de cr\u00e9ations.<\/p>\n<p><img decoding=\"async\" title=\"Gigi blocs maison\" src=\"http:\/\/www.pouce-et-compagnie.com\/GIGI-blocs-maison.jpg\" alt=\"Gigi blocs maison\" \/><img decoding=\"async\" class=\"Gigi blocs dragon\" src=\"http:\/\/www.pouce-et-compagnie.com\/GIGI-blocs-dragon.jpg\" alt=\"Gigi blocs dragon\" \/><img decoding=\"async\" title=\"Gigi blocs lettres\" src=\"http:\/\/www.pouce-et-compagnie.com\/GIGI-blocs-lettres.jpg\" alt=\"Gigi blocs lettres\" \/><\/p>\n<p>Ces briques sont parfaites pour d\u00e9velopper la cr\u00e9ativit\u00e9, l&rsquo;imagination et la logique des enfants : ils exp\u00e9rimentent diff\u00e9rentes combinaisons en construisant et peuvent se cr\u00e9er leur propre cabane, leur cheval et bien d&rsquo;autres choses<\/p>\n<p><img decoding=\"async\" title=\"Gigi blocs\" src=\"http:\/\/www.pouce-et-compagnie.com\/GIGI-blocs-montage.jpg\" alt=\"Gigi blocs\" \/><\/p>\n<p>En combinant toutes les briques d&rsquo;une bo\u00eete, vous pouvez construire l&rsquo;\u00e9quivalent d&rsquo;un mur de 2 m\u00e8tres carr\u00e9s.<\/p>\n<p>et bien \u00e9videmment, les briques peuvent \u00eatre peintes ou d\u00e9cor\u00e9es.<\/p>\n<p><img decoding=\"async\" title=\"Gigi blocs mur\" src=\"http:\/\/www.pouce-et-compagnie.com\/GIGI-blocs-mur.JPG\" alt=\"Gigi blocs mur\" \/><\/p>\n<p>et on peut m\u00eame s&rsquo;en servir de rangement<\/p>\n<p><img decoding=\"async\" class=\"Gigi blocs rangement\" src=\"http:\/\/www.pouce-et-compagnie.com\/GIGI-blocs-rangement.jpg\" alt=\"Gigi blocs rangement\" \/><\/p>\n<p>Valisette de 100 briques \u00e0 monter : 80 doubles (20 x 10 x 10 cm ) et 20 simples (10 x 10 x 10 xm).<\/p>\n<p>Ce produit est fabriqu\u00e9 en Lettonie.<\/p>\n","protected":false},"excerpt":{"rendered":"<p>Construisez \u00e0 l&rsquo;infini avec les briques GIGI &nbsp; Les briques sont en carton \u00e9cologique, pr\u00e9pli\u00e9es et faciles \u00e0 monter, sans outil. Tr\u00e8s robustes, elles s&rsquo;imbriquent simplement et peuvent \u00eatre mont\u00e9es et d\u00e9mont\u00e9es pour permettre toutes sortes de cr\u00e9ations. Ces briques&#8230;<\/p>\n","protected":false},"author":1,"featured_media":0,"parent":2,"menu_order":0,"comment_status":"closed","ping_status":"closed","template":"","meta":[],"_links":{"self":[{"href":"https:\/\/pouce-et-compagnie.fr\/index.php\/wp-json\/wp\/v2\/pages\/75"}],"collection":[{"href":"https:\/\/pouce-et-compagnie.fr\/index.php\/wp-json\/wp\/v2\/pages"}],"about":[{"href":"https:\/\/pouce-et-compagnie.fr\/index.php\/wp-json\/wp\/v2\/types\/page"}],"author":[{"embeddable":true,"href":"https:\/\/pouce-et-compagnie.fr\/index.php\/wp-json\/wp\/v2\/users\/1"}],"replies":[{"embeddable":true,"href":"https:\/\/pouce-et-compagnie.fr\/index.php\/wp-json\/wp\/v2\/comments?post=75"}],"version-history":[{"count":1,"href":"https:\/\/pouce-et-compagnie.fr\/index.php\/wp-json\/wp\/v2\/pages\/75\/revisions"}],"predecessor-version":[{"id":76,"href":"https:\/\/pouce-et-compagnie.fr\/index.php\/wp-json\/wp\/v2\/pages\/75\/revisions\/76"}],"up":[{"embeddable":true,"href":"https:\/\/pouce-et-compagnie.fr\/index.php\/wp-json\/wp\/v2\/pages\/2"}],"wp:attachment":[{"href":"https:\/\/pouce-et-compagnie.fr\/index.php\/wp-json\/wp\/v2\/media?parent=75"}],"curies":[{"name":"wp","href":"https:\/\/api.w.org\/{rel}","templated":true}]}}