{"id":90,"date":"2016-02-09T19:37:33","date_gmt":"2016-02-09T18:37:33","guid":{"rendered":"http:\/\/pouce-et-compagnie.fr\/?page_id=90"},"modified":"2021-02-01T11:05:48","modified_gmt":"2021-02-01T10:05:48","slug":"pat-und-patty-coussins-bouillottes-et-vetements-bio-fabriques-en-allemagne","status":"publish","type":"page","link":"https:\/\/pouce-et-compagnie.fr\/index.php\/collections\/pat-und-patty-coussins-bouillottes-et-vetements-bio-fabriques-en-allemagne\/","title":{"rendered":"Pat und Patty : coussins, bouillottes et v\u00eatements bio fabriqu\u00e9s en Allemagne"},"content":{"rendered":"<p>Notre collaboration avec la soci\u00e9t\u00e9 allemande Pat und Patty est le fruit d&rsquo;une rencontre improbable au salon du jouet de Nuremberg avec Sharon Engel, son repr\u00e9sentant.<\/p>\n<p>Depuis, nous proposons ces produits exceptionnels, r\u00e9alis\u00e9s dans du coton bio, certifi\u00e9 GOTS.<\/p>\n<p id=\"tw-target-text\" class=\"tw-data-text vk_txt tw-ta tw-text-small\" dir=\"ltr\" data-placeholder=\"Traduction\"><span lang=\"fr\">Kerstin et Sharon voulaient faire des <\/span><span lang=\"fr\">v\u00eatements pour les petits qui r\u00e9pondent \u00e0 leurs besoins et aux exigences de leurs parents : des produits simples au<\/span><span lang=\"fr\"> design color\u00e9 et de haute qualit\u00e9. La collection s&rsquo;est enrichie de doudous, bouillottes et autres produits de pu\u00e9riculture.<\/span><\/p>\n<p class=\"tw-data-text vk_txt tw-ta tw-text-small\" dir=\"ltr\" data-placeholder=\"Traduction\">Vous pouvez t\u00e9l\u00e9charger les diff\u00e9rents catalogues en cliquant sur les images ci-dessous<\/p>\n<p class=\"tw-data-text vk_txt tw-ta tw-text-small\" dir=\"ltr\" style=\"text-align: center;\" data-placeholder=\"Traduction\">\u00a0<a href=\"http:\/\/pouce-et-compagnie.fr\/wp-content\/uploads\/2016\/02\/catalogue-Pat-und-Patty-accessoires-2016.pdf\" target=\"_blank\" rel=\"noopener\"><img decoding=\"async\" loading=\"lazy\" class=\"alignnone size-medium wp-image-93\" src=\"http:\/\/pouce-et-compagnie.fr\/wp-content\/uploads\/2016\/02\/couverture-catalogue-Pat-und-Patty-accessoires-2016-208x300.jpg\" alt=\"Catalogue Pat und Patty accessoires\" width=\"208\" height=\"300\" srcset=\"https:\/\/pouce-et-compagnie.fr\/wp-content\/uploads\/2016\/02\/couverture-catalogue-Pat-und-Patty-accessoires-2016-208x300.jpg 208w, https:\/\/pouce-et-compagnie.fr\/wp-content\/uploads\/2016\/02\/couverture-catalogue-Pat-und-Patty-accessoires-2016.jpg 409w\" sizes=\"(max-width: 208px) 100vw, 208px\" \/><\/a><a href=\"http:\/\/pouce-et-compagnie.fr\/wp-content\/uploads\/2016\/02\/catalogue-Pat-und-Patty-printemps-2016.pdf\"><img decoding=\"async\" loading=\"lazy\" class=\"alignnone size-medium wp-image-96\" src=\"http:\/\/pouce-et-compagnie.fr\/wp-content\/uploads\/2016\/02\/couverture-catalogue-Pat-und-Patty-printemps-2016-212x300.jpg\" alt=\"Catalogue Pat und Patty Printemps 2016\" width=\"212\" height=\"300\" srcset=\"https:\/\/pouce-et-compagnie.fr\/wp-content\/uploads\/2016\/02\/couverture-catalogue-Pat-und-Patty-printemps-2016-212x300.jpg 212w, https:\/\/pouce-et-compagnie.fr\/wp-content\/uploads\/2016\/02\/couverture-catalogue-Pat-und-Patty-printemps-2016.jpg 418w\" sizes=\"(max-width: 212px) 100vw, 212px\" \/><\/a><\/p>\n<p class=\"tw-data-text vk_txt tw-ta tw-text-small\" dir=\"ltr\" style=\"text-align: left;\" data-placeholder=\"Traduction\">Vous pouvez \u00e9galement consulter le site <a href=\"https:\/\/www.patundpatty.de\" target=\"_blank\" rel=\"noopener\">www.patundpatty.de<\/a> pour avoir plus d&rsquo;images. Attention, uniquement en allemand !!<\/p>\n","protected":false},"excerpt":{"rendered":"<p>Notre collaboration avec la soci\u00e9t\u00e9 allemande Pat und Patty est le fruit d&rsquo;une rencontre improbable au salon du jouet de Nuremberg avec Sharon Engel, son repr\u00e9sentant. Depuis, nous proposons ces produits exceptionnels, r\u00e9alis\u00e9s dans du coton bio, certifi\u00e9 GOTS. Kerstin&#8230;<\/p>\n","protected":false},"author":1,"featured_media":0,"parent":2,"menu_order":0,"comment_status":"closed","ping_status":"closed","template":"","meta":[],"_links":{"self":[{"href":"https:\/\/pouce-et-compagnie.fr\/index.php\/wp-json\/wp\/v2\/pages\/90"}],"collection":[{"href":"https:\/\/pouce-et-compagnie.fr\/index.php\/wp-json\/wp\/v2\/pages"}],"about":[{"href":"https:\/\/pouce-et-compagnie.fr\/index.php\/wp-json\/wp\/v2\/types\/page"}],"author":[{"embeddable":true,"href":"https:\/\/pouce-et-compagnie.fr\/index.php\/wp-json\/wp\/v2\/users\/1"}],"replies":[{"embeddable":true,"href":"https:\/\/pouce-et-compagnie.fr\/index.php\/wp-json\/wp\/v2\/comments?post=90"}],"version-history":[{"count":7,"href":"https:\/\/pouce-et-compagnie.fr\/index.php\/wp-json\/wp\/v2\/pages\/90\/revisions"}],"predecessor-version":[{"id":229,"href":"https:\/\/pouce-et-compagnie.fr\/index.php\/wp-json\/wp\/v2\/pages\/90\/revisions\/229"}],"up":[{"embeddable":true,"href":"https:\/\/pouce-et-compagnie.fr\/index.php\/wp-json\/wp\/v2\/pages\/2"}],"wp:attachment":[{"href":"https:\/\/pouce-et-compagnie.fr\/index.php\/wp-json\/wp\/v2\/media?parent=90"}],"curies":[{"name":"wp","href":"https:\/\/api.w.org\/{rel}","templated":true}]}}